{"id":9,"date":"2019-01-21T15:45:32","date_gmt":"2019-01-21T15:45:32","guid":{"rendered":"http:\/\/beratung-menzel.de\/?page_id=9"},"modified":"2021-10-23T19:04:47","modified_gmt":"2021-10-23T19:04:47","slug":"leistungen","status":"publish","type":"page","link":"https:\/\/beratung-menzel.de\/?page_id=9","title":{"rendered":"Leistungen"},"content":{"rendered":"\n<h2 class=\"wp-block-heading\"><strong>Unternehmensberatung<\/strong><\/h2>\n\n\n\n<ul><li>Beratung bzw. Mitwirkung bei der Erstellung von Preiskalkulationen<\/li><li>Gewinnschwellenberechnungen<\/li><li>Wirtschaftlichkeitsberechnungen von anstehenden Investitionsentscheidungen<\/li><li>Bilanzanalysen<\/li><li>Erstellung von Bilanzkennzahlen<\/li><li>Make or Buy Rechnungen<\/li><li>Prozesskostenrechnung<\/li><li>Erstellung von Kennzahlenb\u00e4umen<\/li><li>HGB versus IFRS<\/li><li>Corporate Identity (Unternehmensimage)<\/li><li>Preisstrategien<\/li><li>Wettbewerbsstrategien<\/li><li>Nachfragever\u00e4nderungen bei Preis\u00e4nderungen (Preiselastizit\u00e4t der Nachfrage)<\/li><li>Internationale Lieferbedingungen<\/li><li>Ausschalten von Zahlungs-\/u. W\u00e4hrungsrisiken<\/li><li>Aufbauorganisation<\/li><li>Projektorganisation<\/li><li>Personalbedarfs\/-beschaffungsplanung<\/li><li>Personalentwicklung<\/li><li>Mitwirkung\/Beratung bei der Beschaffung vollstreckbarer Titel <\/li><li>Beratung bei Fragen zu Standortentscheidungen<\/li><li>Umsatzpotenzialplanung<\/li><li>Beratung bei Vollstreckungsma\u00dfnahmen <\/li><li>Beratung f\u00fcr die richtige Erstellung eines Kostenanschlags<\/li><li>Optimierung der Zahlungsmoral der Kunden (Skonto alleine reicht nicht)<\/li><li>Vertriebsstrategiekonzepte (Cross-Channel) u.v.m; Vor- und Nachteile von Click &amp; Reserve sowie Click &amp; Collect<\/li><li>Kundenbindungsstrategien<\/li><li>Aufbau eines Customer-Relationship-Managements-Systems (CRM-System)<\/li><li>u.v.m.<\/li><\/ul>\n\n\n\n<h2 class=\"wp-block-heading\"><strong>Existenzgr\u00fcndungsberatung<\/strong><\/h2>\n\n\n\n<ul><li>Beratung \u00fcber die richtige Unternehmensform<\/li><li>Wirtwirkung\/Erstellung von Businesspl\u00e4nen<\/li><li>Beratung bei der Erstellung von betriebswirtschaftlichen Auswertungen<\/li><li>Beratung bei der Erstellung von Einnahmen-\u00dcberschussrechnungen<\/li><li>Kleinunternehmerregelung<\/li><li>Anforderungen an eine Rechnung<\/li><li>u.v.m.<\/li><\/ul>\n\n\n\n<p><\/p>\n\n\n\n<h2 class=\"wp-block-heading\"><strong>Privatpersonen<\/strong><\/h2>\n\n\n\n<ul><li>Erstellung von Lebensl\u00e4ufen<\/li><li>Erstellung von Bewerbungsschreiben<\/li><li>u.v.m.<\/li><\/ul>\n","protected":false},"excerpt":{"rendered":"<p>Unternehmensberatung Beratung bzw. Mitwirkung bei der Erstellung von Preiskalkulationen Gewinnschwellenberechnungen Wirtschaftlichkeitsberechnungen von anstehenden Investitionsentscheidungen Bilanzanalysen Erstellung von Bilanzkennzahlen Make or Buy Rechnungen Prozesskostenrechnung Erstellung von Kennzahlenb\u00e4umen HGB versus IFRS Corporate Identity (Unternehmensimage) Preisstrategien Wettbewerbsstrategien Nachfragever\u00e4nderungen bei Preis\u00e4nderungen (Preiselastizit\u00e4t der Nachfrage) Internationale Lieferbedingungen Ausschalten von Zahlungs-\/u. W\u00e4hrungsrisiken Aufbauorganisation Projektorganisation Personalbedarfs\/-beschaffungsplanung Personalentwicklung Mitwirkung\/Beratung bei der Beschaffung vollstreckbarer &hellip; <\/p>\n<p class=\"link-more\"><a href=\"https:\/\/beratung-menzel.de\/?page_id=9\" class=\"more-link\"><span class=\"screen-reader-text\">\u201eLeistungen\u201c<\/span> weiterlesen<\/a><\/p>\n","protected":false},"author":1,"featured_media":197,"parent":0,"menu_order":0,"comment_status":"closed","ping_status":"closed","template":"","meta":{"footnotes":""},"_links":{"self":[{"href":"https:\/\/beratung-menzel.de\/index.php?rest_route=\/wp\/v2\/pages\/9"}],"collection":[{"href":"https:\/\/beratung-menzel.de\/index.php?rest_route=\/wp\/v2\/pages"}],"about":[{"href":"https:\/\/beratung-menzel.de\/index.php?rest_route=\/wp\/v2\/types\/page"}],"author":[{"embeddable":true,"href":"https:\/\/beratung-menzel.de\/index.php?rest_route=\/wp\/v2\/users\/1"}],"replies":[{"embeddable":true,"href":"https:\/\/beratung-menzel.de\/index.php?rest_route=%2Fwp%2Fv2%2Fcomments&post=9"}],"version-history":[{"count":23,"href":"https:\/\/beratung-menzel.de\/index.php?rest_route=\/wp\/v2\/pages\/9\/revisions"}],"predecessor-version":[{"id":223,"href":"https:\/\/beratung-menzel.de\/index.php?rest_route=\/wp\/v2\/pages\/9\/revisions\/223"}],"wp:featuredmedia":[{"embeddable":true,"href":"https:\/\/beratung-menzel.de\/index.php?rest_route=\/wp\/v2\/media\/197"}],"wp:attachment":[{"href":"https:\/\/beratung-menzel.de\/index.php?rest_route=%2Fwp%2Fv2%2Fmedia&parent=9"}],"curies":[{"name":"wp","href":"https:\/\/api.w.org\/{rel}","templated":true}]}}