{"id":11,"date":"2019-01-21T15:45:32","date_gmt":"2019-01-21T15:45:32","guid":{"rendered":"http:\/\/beratung-menzel.de\/?page_id=11"},"modified":"2024-06-04T14:06:42","modified_gmt":"2024-06-04T14:06:42","slug":"ueber-uns","status":"publish","type":"page","link":"https:\/\/beratung-menzel.de\/?page_id=11","title":{"rendered":"\u00dcber Mich"},"content":{"rendered":"\n<ul>\n<li>Rechtsanwaltsfachangestellter<\/li>\n\n\n\n<li>Gepr. Wirtschaftsfachwirt<\/li>\n\n\n\n<li>Gepr. Betriebswirt<\/li>\n\n\n\n<li>Bachelor of Arts (B.A.) Betriebswirtschaft<\/li>\n\n\n\n<li>Derzeit Studium Public Management (M.A.)<\/li>\n<\/ul>\n\n\n\n<ul>\n<li>Mitglied&nbsp;in den&nbsp;Pr\u00fcfungsaussch\u00fcssen &#8222;Gepr. Handelsfachwirt&#8220;&nbsp;und &#8222;Gepr. Fachwirt f\u00fcr Vertrieb im Einzelhandel&#8220;&nbsp;der Industrie- und Handelskammer Braunschweig<\/li>\n\n\n\n<li>Ausbilder nach der Ausbildereignungsverordnung<\/li>\n\n\n\n<li>Englisch Niveau B2<\/li>\n\n\n\n<li>Sachbearbeiter Zwangsvollstreckung<\/li>\n<\/ul>\n\n\n\n<figure class=\"wp-block-image\"><img loading=\"lazy\" decoding=\"async\" width=\"731\" height=\"1024\" src=\"https:\/\/beratung-menzel.de\/wp-content\/uploads\/2022\/05\/Menzel002-2-731x1024.jpg\" alt=\"\" class=\"wp-image-226\" srcset=\"https:\/\/beratung-menzel.de\/wp-content\/uploads\/2022\/05\/Menzel002-2-731x1024.jpg 731w, https:\/\/beratung-menzel.de\/wp-content\/uploads\/2022\/05\/Menzel002-2-214x300.jpg 214w, https:\/\/beratung-menzel.de\/wp-content\/uploads\/2022\/05\/Menzel002-2-768x1075.jpg 768w\" sizes=\"(max-width: 731px) 100vw, 731px\" \/><\/figure>\n","protected":false},"excerpt":{"rendered":"","protected":false},"author":1,"featured_media":0,"parent":0,"menu_order":0,"comment_status":"closed","ping_status":"closed","template":"","meta":{"footnotes":""},"_links":{"self":[{"href":"https:\/\/beratung-menzel.de\/index.php?rest_route=\/wp\/v2\/pages\/11"}],"collection":[{"href":"https:\/\/beratung-menzel.de\/index.php?rest_route=\/wp\/v2\/pages"}],"about":[{"href":"https:\/\/beratung-menzel.de\/index.php?rest_route=\/wp\/v2\/types\/page"}],"author":[{"embeddable":true,"href":"https:\/\/beratung-menzel.de\/index.php?rest_route=\/wp\/v2\/users\/1"}],"replies":[{"embeddable":true,"href":"https:\/\/beratung-menzel.de\/index.php?rest_route=%2Fwp%2Fv2%2Fcomments&post=11"}],"version-history":[{"count":12,"href":"https:\/\/beratung-menzel.de\/index.php?rest_route=\/wp\/v2\/pages\/11\/revisions"}],"predecessor-version":[{"id":231,"href":"https:\/\/beratung-menzel.de\/index.php?rest_route=\/wp\/v2\/pages\/11\/revisions\/231"}],"wp:attachment":[{"href":"https:\/\/beratung-menzel.de\/index.php?rest_route=%2Fwp%2Fv2%2Fmedia&parent=11"}],"curies":[{"name":"wp","href":"https:\/\/api.w.org\/{rel}","templated":true}]}}